{"id":2362,"date":"2025-10-08T15:24:43","date_gmt":"2025-10-08T18:24:43","guid":{"rendered":"https:\/\/bindi.world\/blog\/?page_id=2362"},"modified":"2025-12-17T18:37:43","modified_gmt":"2025-12-17T21:37:43","slug":"radio","status":"publish","type":"page","link":"https:\/\/bindi.world\/blog\/radio\/","title":{"rendered":"Radio"},"content":{"rendered":"\n<div class=\"wp-block-group has-global-padding is-layout-constrained wp-block-group-is-layout-constrained\">\n<figure class=\"wp-block-image size-full is-resized\" style=\"margin-top:var(--wp--preset--spacing--30);margin-bottom:0\"><img loading=\"lazy\" decoding=\"async\" width=\"499\" height=\"40\" src=\"https:\/\/bindi.world\/blog\/wp-content\/uploads\/2025\/12\/RADIO-bindi_logo.png\" alt=\"\" class=\"wp-image-4329\" style=\"width:250px;height:auto\" srcset=\"https:\/\/bindi.world\/blog\/wp-content\/uploads\/2025\/12\/RADIO-bindi_logo.png 499w, https:\/\/bindi.world\/blog\/wp-content\/uploads\/2025\/12\/RADIO-bindi_logo-300x24.png 300w\" sizes=\"auto, (max-width: 499px) 100vw, 499px\" \/><\/figure>\n\n\n\n<p style=\"margin-top:var(--wp--preset--spacing--20)\">Tu compa\u00f1\u00eda consciente.<br>La voz de un nuevo mundo.<\/p>\n\n\n\n<p>Es un proyecto nacido de la colaboraci\u00f3n con Bitbox, donde la m\u00fasica y las buenas noticias se unen.<\/p>\n\n\n\n<p>Creemos que la m\u00fasica es el idioma del esp\u00edritu.<\/p>\n\n\n\n<p>Sintonizanos ahora.<\/p>\n\n\n\n<p>En la Web: Solo ten\u00e9s que poner \u00abplay\u00bb en el reproductor al pie de p\u00e1gina para empezar a escucharnos en vivo mientras naveg\u00e1s nuestro portal.<\/p>\n\n\n\n<p>En tu tel\u00e9fono: descargando la App de Radio Bindi para <a href=\"https:\/\/play.google.com\/store\/apps\/details?id=bindi.radio\">Android<\/a> o para <a href=\"https:\/\/apps.apple.com\/es\/app\/bindi\/id1631628165\">Ios<\/a>.<\/p>\n\n\n\n<p>Te invitamos a sintonizar una nueva frecuencia. Dale play y redescubr\u00ed un nuevo espacio a trav\u00e9s del sonido.<\/p>\n\n\n\n<div class=\"wp-block-group has-global-padding is-layout-constrained wp-container-core-group-is-layout-8a400663 wp-block-group-is-layout-constrained\">\n<figure class=\"wp-block-video video-circular\"><video autoplay loop muted src=\"https:\/\/bindi.world\/blog\/wp-content\/uploads\/2025\/12\/radio-bindi-animacion-crop.mp4\"><\/video><\/figure>\n<\/div>\n\n\n\n<figure class=\"wp-block-video aligncenter is-style-tw-frame tw-lg-hidden tw-md-hidden tw-sm-hidden\"><video autoplay loop muted src=\"https:\/\/bindi.world\/blog\/wp-content\/uploads\/2025\/12\/radio-bindi-animacion-crop.mp4\"><\/video><\/figure>\n\n\n\n<figure class=\"wp-block-audio tw-lg-hidden tw-md-hidden tw-sm-hidden\"><audio controls src=\"https:\/\/ipanel.instream.audio:7012\/stream\"><\/audio><\/figure>\n<\/div>\n\n\n\n<p><\/p>\n\n\n\n<div class=\"wp-block-group has-global-padding is-layout-constrained wp-block-group-is-layout-constrained\" style=\"padding-top:var(--wp--preset--spacing--50);padding-bottom:var(--wp--preset--spacing--50)\"><\/div>\n","protected":false},"excerpt":{"rendered":"<p>Tu compa\u00f1\u00eda consciente.La voz de un nuevo mundo. Es un proyecto nacido de la colaboraci\u00f3n con Bitbox, donde la m\u00fasica y las buenas noticias se unen. Creemos que la m\u00fasica [&hellip;]<\/p>\n","protected":false},"author":2,"featured_media":2363,"parent":0,"menu_order":0,"comment_status":"closed","ping_status":"closed","template":"wp-custom-template-todas-las-noticias","meta":{"_price":"","_stock":"","_tribe_ticket_header":"","_tribe_default_ticket_provider":"","_ticket_start_date":"","_ticket_end_date":"","_tribe_ticket_show_description":"","_tribe_ticket_show_not_going":false,"_tribe_ticket_use_global_stock":"","_tribe_ticket_global_stock_level":"","_global_stock_mode":"","_global_stock_cap":"","_tribe_rsvp_for_event":"","_tribe_ticket_going_count":"","_tribe_ticket_not_going_count":"","_tribe_tickets_list":"[]","_tribe_ticket_has_attendee_info_fields":false,"_EventAllDay":false,"_EventTimezone":"","_EventStartDate":"","_EventEndDate":"","_EventStartDateUTC":"","_EventEndDateUTC":"","_EventShowMap":false,"_EventShowMapLink":false,"_EventURL":"","_EventCost":"","_EventCostDescription":"","_EventCurrencySymbol":"","_EventCurrencyCode":"","_EventCurrencyPosition":"","_EventDateTimeSeparator":"","_EventTimeRangeSeparator":"","_EventOrganizerID":[],"_EventVenueID":[],"_OrganizerEmail":"","_OrganizerPhone":"","_OrganizerWebsite":"","_VenueAddress":"","_VenueCity":"","_VenueCountry":"","_VenueProvince":"","_VenueState":"","_VenueZip":"","_VenuePhone":"","_VenueURL":"","_VenueStateProvince":"","_VenueLat":"","_VenueLng":"","_VenueShowMap":false,"_VenueShowMapLink":false,"footnotes":"","_tec_slr_enabled":"","_tec_slr_layout":""},"class_list":["post-2362","page","type-page","status-publish","has-post-thumbnail","hentry"],"ticketed":false,"_links":{"self":[{"href":"https:\/\/bindi.world\/blog\/wp-json\/wp\/v2\/pages\/2362","targetHints":{"allow":["GET"]}}],"collection":[{"href":"https:\/\/bindi.world\/blog\/wp-json\/wp\/v2\/pages"}],"about":[{"href":"https:\/\/bindi.world\/blog\/wp-json\/wp\/v2\/types\/page"}],"author":[{"embeddable":true,"href":"https:\/\/bindi.world\/blog\/wp-json\/wp\/v2\/users\/2"}],"replies":[{"embeddable":true,"href":"https:\/\/bindi.world\/blog\/wp-json\/wp\/v2\/comments?post=2362"}],"version-history":[{"count":29,"href":"https:\/\/bindi.world\/blog\/wp-json\/wp\/v2\/pages\/2362\/revisions"}],"predecessor-version":[{"id":4575,"href":"https:\/\/bindi.world\/blog\/wp-json\/wp\/v2\/pages\/2362\/revisions\/4575"}],"wp:featuredmedia":[{"embeddable":true,"href":"https:\/\/bindi.world\/blog\/wp-json\/wp\/v2\/media\/2363"}],"wp:attachment":[{"href":"https:\/\/bindi.world\/blog\/wp-json\/wp\/v2\/media?parent=2362"}],"curies":[{"name":"wp","href":"https:\/\/api.w.org\/{rel}","templated":true}]}}